{"id":1366,"date":"2023-01-31T11:55:13","date_gmt":"2023-01-31T08:55:13","guid":{"rendered":"https:\/\/www.altinshop.com.tr\/urun\/?post_type=product&#038;p=1366"},"modified":"2023-01-31T11:55:50","modified_gmt":"2023-01-31T08:55:50","slug":"129-karat-su-yolu-pirlantali-bileklik-14k","status":"publish","type":"product","link":"https:\/\/www.altinshop.com.tr\/urun\/urun\/129-karat-su-yolu-pirlantali-bileklik-14k\/","title":{"rendered":"1,29 Karat Su Yolu P\u0131rlantal\u0131 Bileklik 14K"},"content":{"rendered":"<p><span style=\"color: #000000;\">Su Yolu P\u0131rlantal\u0131 Bileklik<\/span><\/p>\n<p><span style=\"color: #000000;\">ALTINSHOP KUYUMCULUKolarak sizin i\u00e7in \u00f6zel olarak se\u00e7ti\u011fimiz \u00fcr\u00fcnlerimizde ger\u00e7ek\/do\u011fal p\u0131rlanta ta\u015flar kullan\u0131lm\u0131\u015ft\u0131r. \u00dcr\u00fcnlerimizde bak\u0131m garantimiz 12 ay&#8217;d\u0131r.<\/span><\/p>\n<p><span style=\"color: #000000;\">P\u0131rlanta\u00fcr\u00fcnlerimiz konular\u0131nda uzman personellerimiz taraf\u0131ndan \u00f6zenle se\u00e7ilmektedir.<\/span><\/p>\n<p><span style=\"color: #000000;\">1,29 Karat Su Yolu P\u0131rlantal\u0131 Bileklik 14K<\/span><\/p>\n<p><span style=\"color: #000000;\">Sat\u0131n ald\u0131\u011f\u0131n\u0131z p\u0131rlanta, sizlere \u00f6zel kutusunda ve standartlara uygunP\u0131rlanta sertifikas\u0131(Bacelli) ile \u00fccretsiz olarak g\u00f6nderilecektir.<\/span><\/p>\n<p><span style=\"color: #000000;\">\u00dcr\u00fcnlerimizin tamam\u0131 Bacelli P\u0131rlanta ekibi taraf\u0131ndan laboratuvarlar\u0131m\u0131zda el eme\u011fi ile \u00fcretilmi\u015ftir. Alt\u0131n ve de\u011ferli ta\u015flarda \u00b1 %5 sapma olu\u015fabilmektedir. Sertifikada verilen de\u011ferler \u00fcr\u00fcne ait ger\u00e7ek de\u011ferlerdir.<\/span><\/p>\n<p><span style=\"color: #000000;\">Sat\u0131n ald\u0131\u011f\u0131n\u0131z \u00fcr\u00fcnler, sipari\u015f yo\u011funlu\u011fumuza g\u00f6re ortalama 1 &#8211; 7 i\u015f g\u00fcn\u00fc i\u00e7erisinde kargoya teslim edilmektedir.<\/span><\/p>\n<p><span style=\"color: #000000;\">1,29 Karat Su Yolu P\u0131rlantal\u0131 Bileklik 14K \u00d6zellikleri<\/span><\/p>\n<p><span style=\"color: #000000;\">7,11 gr 14 Ayar Beyaz Alt\u0131n<\/span><\/p>\n<table border=\"0\" width=\"660\" cellspacing=\"0\" cellpadding=\"0\">\n<tbody>\n<tr>\n<td><span style=\"color: #000000;\">Ta\u015f<\/span><\/td>\n<td><span style=\"color: #000000;\">Karat<\/span><\/td>\n<td><span style=\"color: #000000;\">Adet<\/span><\/td>\n<td><span style=\"color: #000000;\">Renk<\/span><\/td>\n<td><span style=\"color: #000000;\">Berrakl\u0131k<\/span><\/td>\n<td><span style=\"color: #000000;\">Kesim<\/span><\/td>\n<\/tr>\n<tr>\n<td><span style=\"color: #000000;\">P\u0131rlanta<\/span><\/td>\n<td><span style=\"color: #000000;\">1,29<\/span><\/td>\n<td><span style=\"color: #000000;\">50<\/span><\/td>\n<td><span style=\"color: #000000;\">F<\/span><\/td>\n<td><span style=\"color: #000000;\">SI<\/span><\/td>\n<td><span style=\"color: #000000;\">Yuvarlak<\/span><\/td>\n<\/tr>\n<\/tbody>\n<\/table>\n<ul type=\"disc\">\n<li><span style=\"color: #000000;\">-\u00dccretsiz kargo<\/span><\/li>\n<li><span style=\"color: #000000;\">-Y\u00fcz\u00fck i\u00e7i yaz\u0131s\u0131<\/span><\/li>\n<li><span style=\"color: #000000;\">-\u00d6zel \u015f\u0131k paket<\/span><\/li>\n<li><span style=\"color: #000000;\">-Hediye notu<\/span><\/li>\n<li><span style=\"color: #000000;\">-\u015e\u0131k kutu<\/span><\/li>\n<li><span style=\"color: #000000;\">-Garanti sertifikas\u0131<\/span><\/li>\n<\/ul>\n","protected":false},"excerpt":{"rendered":"<p><span style=\"color: #000000; font-size: 18px;\">Marka: <span style=\"color: #808080;\">BACELL\u0130<\/span><\/span><\/p>\n","protected":false},"featured_media":1367,"comment_status":"closed","ping_status":"closed","template":"","meta":[],"product_brand":[],"product_cat":[70,72],"product_tag":[],"class_list":{"0":"post-1366","1":"product","2":"type-product","3":"status-publish","4":"has-post-thumbnail","6":"product_cat-bileklikler-ve-bilezikler","7":"product_cat-klasik","9":"first","10":"instock","11":"shipping-taxable","12":"product-type-simple"},"yoast_head":"<!-- This site is optimized with the Yoast SEO plugin v24.8.1 - https:\/\/yoast.com\/wordpress\/plugins\/seo\/ -->\n<title>1,29 Karat Su Yolu P\u0131rlantal\u0131 Bileklik 14K - AltinShop Kuyumculuk - Bak\u0131rk\u00f6y Kuyumcu<\/title>\n<meta name=\"robots\" content=\"index, follow, max-snippet:-1, max-image-preview:large, max-video-preview:-1\" \/>\n<link rel=\"canonical\" href=\"https:\/\/www.altinshop.com.tr\/urun\/urun\/129-karat-su-yolu-pirlantali-bileklik-14k\/\" \/>\n<meta property=\"og:locale\" content=\"tr_TR\" \/>\n<meta property=\"og:type\" content=\"article\" \/>\n<meta property=\"og:title\" content=\"1,29 Karat Su Yolu P\u0131rlantal\u0131 Bileklik 14K - AltinShop Kuyumculuk - Bak\u0131rk\u00f6y Kuyumcu\" \/>\n<meta property=\"og:description\" content=\"Marka: BACELL\u0130\" \/>\n<meta property=\"og:url\" content=\"https:\/\/www.altinshop.com.tr\/urun\/urun\/129-karat-su-yolu-pirlantali-bileklik-14k\/\" \/>\n<meta property=\"og:site_name\" content=\"AltinShop Kuyumculuk - Bak\u0131rk\u00f6y Kuyumcu\" \/>\n<meta property=\"article:modified_time\" content=\"2023-01-31T08:55:50+00:00\" \/>\n<meta property=\"og:image\" content=\"https:\/\/www.altinshop.com.tr\/urun\/wp-content\/uploads\/2023\/01\/Su-Yolu-Pirlantali-Bileklik-11.webp\" \/>\n\t<meta property=\"og:image:width\" content=\"1280\" \/>\n\t<meta property=\"og:image:height\" content=\"1280\" \/>\n\t<meta property=\"og:image:type\" content=\"image\/webp\" \/>\n<meta name=\"twitter:card\" content=\"summary_large_image\" \/>\n<meta name=\"twitter:label1\" content=\"Tahmini okuma s\u00fcresi\" \/>\n\t<meta name=\"twitter:data1\" content=\"1 dakika\" \/>\n<script type=\"application\/ld+json\" class=\"yoast-schema-graph\">{\"@context\":\"https:\/\/schema.org\",\"@graph\":[{\"@type\":\"WebPage\",\"@id\":\"https:\/\/www.altinshop.com.tr\/urun\/urun\/129-karat-su-yolu-pirlantali-bileklik-14k\/\",\"url\":\"https:\/\/www.altinshop.com.tr\/urun\/urun\/129-karat-su-yolu-pirlantali-bileklik-14k\/\",\"name\":\"1,29 Karat Su Yolu P\u0131rlantal\u0131 Bileklik 14K - AltinShop Kuyumculuk - Bak\u0131rk\u00f6y Kuyumcu\",\"isPartOf\":{\"@id\":\"https:\/\/www.altinshop.com.tr\/urun\/#website\"},\"primaryImageOfPage\":{\"@id\":\"https:\/\/www.altinshop.com.tr\/urun\/urun\/129-karat-su-yolu-pirlantali-bileklik-14k\/#primaryimage\"},\"image\":{\"@id\":\"https:\/\/www.altinshop.com.tr\/urun\/urun\/129-karat-su-yolu-pirlantali-bileklik-14k\/#primaryimage\"},\"thumbnailUrl\":\"https:\/\/www.altinshop.com.tr\/urun\/wp-content\/uploads\/2023\/01\/Su-Yolu-Pirlantali-Bileklik-11.webp\",\"datePublished\":\"2023-01-31T08:55:13+00:00\",\"dateModified\":\"2023-01-31T08:55:50+00:00\",\"breadcrumb\":{\"@id\":\"https:\/\/www.altinshop.com.tr\/urun\/urun\/129-karat-su-yolu-pirlantali-bileklik-14k\/#breadcrumb\"},\"inLanguage\":\"tr\",\"potentialAction\":[{\"@type\":\"ReadAction\",\"target\":[\"https:\/\/www.altinshop.com.tr\/urun\/urun\/129-karat-su-yolu-pirlantali-bileklik-14k\/\"]}]},{\"@type\":\"ImageObject\",\"inLanguage\":\"tr\",\"@id\":\"https:\/\/www.altinshop.com.tr\/urun\/urun\/129-karat-su-yolu-pirlantali-bileklik-14k\/#primaryimage\",\"url\":\"https:\/\/www.altinshop.com.tr\/urun\/wp-content\/uploads\/2023\/01\/Su-Yolu-Pirlantali-Bileklik-11.webp\",\"contentUrl\":\"https:\/\/www.altinshop.com.tr\/urun\/wp-content\/uploads\/2023\/01\/Su-Yolu-Pirlantali-Bileklik-11.webp\",\"width\":1280,\"height\":1280},{\"@type\":\"BreadcrumbList\",\"@id\":\"https:\/\/www.altinshop.com.tr\/urun\/urun\/129-karat-su-yolu-pirlantali-bileklik-14k\/#breadcrumb\",\"itemListElement\":[{\"@type\":\"ListItem\",\"position\":1,\"name\":\"Anasayfa\",\"item\":\"https:\/\/www.altinshop.com.tr\/urun\/\"},{\"@type\":\"ListItem\",\"position\":2,\"name\":\"Ma\u011faza\",\"item\":\"https:\/\/www.altinshop.com.tr\/urun\/\"},{\"@type\":\"ListItem\",\"position\":3,\"name\":\"1,29 Karat Su Yolu P\u0131rlantal\u0131 Bileklik 14K\"}]},{\"@type\":\"WebSite\",\"@id\":\"https:\/\/www.altinshop.com.tr\/urun\/#website\",\"url\":\"https:\/\/www.altinshop.com.tr\/urun\/\",\"name\":\"AltinShop Kuyumculuk - Bak\u0131rk\u00f6y Kuyumcu\",\"description\":\"Detaylar M\u00fckemmellik Yarat\u0131r!\",\"publisher\":{\"@id\":\"https:\/\/www.altinshop.com.tr\/urun\/#organization\"},\"potentialAction\":[{\"@type\":\"SearchAction\",\"target\":{\"@type\":\"EntryPoint\",\"urlTemplate\":\"https:\/\/www.altinshop.com.tr\/urun\/?s={search_term_string}\"},\"query-input\":{\"@type\":\"PropertyValueSpecification\",\"valueRequired\":true,\"valueName\":\"search_term_string\"}}],\"inLanguage\":\"tr\"},{\"@type\":\"Organization\",\"@id\":\"https:\/\/www.altinshop.com.tr\/urun\/#organization\",\"name\":\"AltinShop Kuyumculuk - Bak\u0131rk\u00f6y Kuyumcu\",\"url\":\"https:\/\/www.altinshop.com.tr\/urun\/\",\"logo\":{\"@type\":\"ImageObject\",\"inLanguage\":\"tr\",\"@id\":\"https:\/\/www.altinshop.com.tr\/urun\/#\/schema\/logo\/image\/\",\"url\":\"https:\/\/www.altinshop.com.tr\/urun\/wp-content\/uploads\/2023\/01\/logo.webp\",\"contentUrl\":\"https:\/\/www.altinshop.com.tr\/urun\/wp-content\/uploads\/2023\/01\/logo.webp\",\"width\":1600,\"height\":500,\"caption\":\"AltinShop Kuyumculuk - Bak\u0131rk\u00f6y Kuyumcu\"},\"image\":{\"@id\":\"https:\/\/www.altinshop.com.tr\/urun\/#\/schema\/logo\/image\/\"},\"sameAs\":[\"https:\/\/www.instagram.com\/altinshopkuyumculuk\/\"]}]}<\/script>\n<!-- \/ Yoast SEO plugin. -->","yoast_head_json":{"title":"1,29 Karat Su Yolu P\u0131rlantal\u0131 Bileklik 14K - AltinShop Kuyumculuk - Bak\u0131rk\u00f6y Kuyumcu","robots":{"index":"index","follow":"follow","max-snippet":"max-snippet:-1","max-image-preview":"max-image-preview:large","max-video-preview":"max-video-preview:-1"},"canonical":"https:\/\/www.altinshop.com.tr\/urun\/urun\/129-karat-su-yolu-pirlantali-bileklik-14k\/","og_locale":"tr_TR","og_type":"article","og_title":"1,29 Karat Su Yolu P\u0131rlantal\u0131 Bileklik 14K - AltinShop Kuyumculuk - Bak\u0131rk\u00f6y Kuyumcu","og_description":"Marka: BACELL\u0130","og_url":"https:\/\/www.altinshop.com.tr\/urun\/urun\/129-karat-su-yolu-pirlantali-bileklik-14k\/","og_site_name":"AltinShop Kuyumculuk - Bak\u0131rk\u00f6y Kuyumcu","article_modified_time":"2023-01-31T08:55:50+00:00","og_image":[{"width":1280,"height":1280,"url":"https:\/\/www.altinshop.com.tr\/urun\/wp-content\/uploads\/2023\/01\/Su-Yolu-Pirlantali-Bileklik-11.webp","type":"image\/webp"}],"twitter_card":"summary_large_image","twitter_misc":{"Tahmini okuma s\u00fcresi":"1 dakika"},"schema":{"@context":"https:\/\/schema.org","@graph":[{"@type":"WebPage","@id":"https:\/\/www.altinshop.com.tr\/urun\/urun\/129-karat-su-yolu-pirlantali-bileklik-14k\/","url":"https:\/\/www.altinshop.com.tr\/urun\/urun\/129-karat-su-yolu-pirlantali-bileklik-14k\/","name":"1,29 Karat Su Yolu P\u0131rlantal\u0131 Bileklik 14K - AltinShop Kuyumculuk - Bak\u0131rk\u00f6y Kuyumcu","isPartOf":{"@id":"https:\/\/www.altinshop.com.tr\/urun\/#website"},"primaryImageOfPage":{"@id":"https:\/\/www.altinshop.com.tr\/urun\/urun\/129-karat-su-yolu-pirlantali-bileklik-14k\/#primaryimage"},"image":{"@id":"https:\/\/www.altinshop.com.tr\/urun\/urun\/129-karat-su-yolu-pirlantali-bileklik-14k\/#primaryimage"},"thumbnailUrl":"https:\/\/www.altinshop.com.tr\/urun\/wp-content\/uploads\/2023\/01\/Su-Yolu-Pirlantali-Bileklik-11.webp","datePublished":"2023-01-31T08:55:13+00:00","dateModified":"2023-01-31T08:55:50+00:00","breadcrumb":{"@id":"https:\/\/www.altinshop.com.tr\/urun\/urun\/129-karat-su-yolu-pirlantali-bileklik-14k\/#breadcrumb"},"inLanguage":"tr","potentialAction":[{"@type":"ReadAction","target":["https:\/\/www.altinshop.com.tr\/urun\/urun\/129-karat-su-yolu-pirlantali-bileklik-14k\/"]}]},{"@type":"ImageObject","inLanguage":"tr","@id":"https:\/\/www.altinshop.com.tr\/urun\/urun\/129-karat-su-yolu-pirlantali-bileklik-14k\/#primaryimage","url":"https:\/\/www.altinshop.com.tr\/urun\/wp-content\/uploads\/2023\/01\/Su-Yolu-Pirlantali-Bileklik-11.webp","contentUrl":"https:\/\/www.altinshop.com.tr\/urun\/wp-content\/uploads\/2023\/01\/Su-Yolu-Pirlantali-Bileklik-11.webp","width":1280,"height":1280},{"@type":"BreadcrumbList","@id":"https:\/\/www.altinshop.com.tr\/urun\/urun\/129-karat-su-yolu-pirlantali-bileklik-14k\/#breadcrumb","itemListElement":[{"@type":"ListItem","position":1,"name":"Anasayfa","item":"https:\/\/www.altinshop.com.tr\/urun\/"},{"@type":"ListItem","position":2,"name":"Ma\u011faza","item":"https:\/\/www.altinshop.com.tr\/urun\/"},{"@type":"ListItem","position":3,"name":"1,29 Karat Su Yolu P\u0131rlantal\u0131 Bileklik 14K"}]},{"@type":"WebSite","@id":"https:\/\/www.altinshop.com.tr\/urun\/#website","url":"https:\/\/www.altinshop.com.tr\/urun\/","name":"AltinShop Kuyumculuk - Bak\u0131rk\u00f6y Kuyumcu","description":"Detaylar M\u00fckemmellik Yarat\u0131r!","publisher":{"@id":"https:\/\/www.altinshop.com.tr\/urun\/#organization"},"potentialAction":[{"@type":"SearchAction","target":{"@type":"EntryPoint","urlTemplate":"https:\/\/www.altinshop.com.tr\/urun\/?s={search_term_string}"},"query-input":{"@type":"PropertyValueSpecification","valueRequired":true,"valueName":"search_term_string"}}],"inLanguage":"tr"},{"@type":"Organization","@id":"https:\/\/www.altinshop.com.tr\/urun\/#organization","name":"AltinShop Kuyumculuk - Bak\u0131rk\u00f6y Kuyumcu","url":"https:\/\/www.altinshop.com.tr\/urun\/","logo":{"@type":"ImageObject","inLanguage":"tr","@id":"https:\/\/www.altinshop.com.tr\/urun\/#\/schema\/logo\/image\/","url":"https:\/\/www.altinshop.com.tr\/urun\/wp-content\/uploads\/2023\/01\/logo.webp","contentUrl":"https:\/\/www.altinshop.com.tr\/urun\/wp-content\/uploads\/2023\/01\/logo.webp","width":1600,"height":500,"caption":"AltinShop Kuyumculuk - Bak\u0131rk\u00f6y Kuyumcu"},"image":{"@id":"https:\/\/www.altinshop.com.tr\/urun\/#\/schema\/logo\/image\/"},"sameAs":["https:\/\/www.instagram.com\/altinshopkuyumculuk\/"]}]}},"_links":{"self":[{"href":"https:\/\/www.altinshop.com.tr\/urun\/wp-json\/wp\/v2\/product\/1366","targetHints":{"allow":["GET"]}}],"collection":[{"href":"https:\/\/www.altinshop.com.tr\/urun\/wp-json\/wp\/v2\/product"}],"about":[{"href":"https:\/\/www.altinshop.com.tr\/urun\/wp-json\/wp\/v2\/types\/product"}],"replies":[{"embeddable":true,"href":"https:\/\/www.altinshop.com.tr\/urun\/wp-json\/wp\/v2\/comments?post=1366"}],"wp:featuredmedia":[{"embeddable":true,"href":"https:\/\/www.altinshop.com.tr\/urun\/wp-json\/wp\/v2\/media\/1367"}],"wp:attachment":[{"href":"https:\/\/www.altinshop.com.tr\/urun\/wp-json\/wp\/v2\/media?parent=1366"}],"wp:term":[{"taxonomy":"product_brand","embeddable":true,"href":"https:\/\/www.altinshop.com.tr\/urun\/wp-json\/wp\/v2\/product_brand?post=1366"},{"taxonomy":"product_cat","embeddable":true,"href":"https:\/\/www.altinshop.com.tr\/urun\/wp-json\/wp\/v2\/product_cat?post=1366"},{"taxonomy":"product_tag","embeddable":true,"href":"https:\/\/www.altinshop.com.tr\/urun\/wp-json\/wp\/v2\/product_tag?post=1366"}],"curies":[{"name":"wp","href":"https:\/\/api.w.org\/{rel}","templated":true}]}}